{"id":5095,"date":"2020-11-17T20:59:21","date_gmt":"2020-11-17T19:59:21","guid":{"rendered":"https:\/\/tv-kirchzell.de\/?post_type=product&#038;p=5095"},"modified":"2026-03-03T06:54:29","modified_gmt":"2026-03-03T05:54:29","slug":"tvk-schweissband","status":"publish","type":"product","link":"https:\/\/tv-kirchzell.de\/?product=tvk-schweissband","title":{"rendered":"TVK Schwei\u00dfband"},"content":{"rendered":"<p>Dieses hochwertige Schwei\u00dfband in Einheitsgr\u00f6\u00dfe mit gesticktem Vereinlogo passt sich an jedes Handgelenk an.<\/p>\n<p>Waschmaschinengeeignet bis 30\u00b0C.<\/p>\n","protected":false},"excerpt":{"rendered":"<p><strong>Schwei\u00dfband in unserem Vereinsdesign <\/strong>aus 80% Baumwolle und 20% Elasthan<\/p>\n","protected":false},"featured_media":5099,"template":"","meta":[],"product_brand":[],"product_cat":[66],"product_tag":[],"class_list":{"0":"post-5095","1":"product","2":"type-product","3":"status-publish","4":"has-post-thumbnail","6":"product_cat-fanartikel","7":"product_shipping_class-deutsche-post-brief-2","9":"first","10":"instock","11":"featured","12":"taxable","13":"shipping-taxable","14":"purchasable","15":"product-type-simple"},"_links":{"self":[{"href":"https:\/\/tv-kirchzell.de\/index.php?rest_route=\/wp\/v2\/product\/5095","targetHints":{"allow":["GET"]}}],"collection":[{"href":"https:\/\/tv-kirchzell.de\/index.php?rest_route=\/wp\/v2\/product"}],"about":[{"href":"https:\/\/tv-kirchzell.de\/index.php?rest_route=\/wp\/v2\/types\/product"}],"wp:featuredmedia":[{"embeddable":true,"href":"https:\/\/tv-kirchzell.de\/index.php?rest_route=\/wp\/v2\/media\/5099"}],"wp:attachment":[{"href":"https:\/\/tv-kirchzell.de\/index.php?rest_route=%2Fwp%2Fv2%2Fmedia&parent=5095"}],"wp:term":[{"taxonomy":"product_brand","embeddable":true,"href":"https:\/\/tv-kirchzell.de\/index.php?rest_route=%2Fwp%2Fv2%2Fproduct_brand&post=5095"},{"taxonomy":"product_cat","embeddable":true,"href":"https:\/\/tv-kirchzell.de\/index.php?rest_route=%2Fwp%2Fv2%2Fproduct_cat&post=5095"},{"taxonomy":"product_tag","embeddable":true,"href":"https:\/\/tv-kirchzell.de\/index.php?rest_route=%2Fwp%2Fv2%2Fproduct_tag&post=5095"}],"curies":[{"name":"wp","href":"https:\/\/api.w.org\/{rel}","templated":true}]}}