{"id":980,"date":"2017-11-01T16:56:39","date_gmt":"2017-11-01T16:56:39","guid":{"rendered":"http:\/\/tv-kirchzell.com\/?page_id=980"},"modified":"2024-07-27T19:12:22","modified_gmt":"2024-07-27T17:12:22","slug":"verein-100er-club","status":"publish","type":"page","link":"https:\/\/tv-kirchzell.de\/?page_id=980","title":{"rendered":"Verein &#8211; Club der 100er"},"content":{"rendered":"\n<p>Mit dem \u201eClub der 100er\u201c habt Ihr die optimale M\u00f6glichkeit, dem TVK auch finanziell zu helfen. Bereits ab einem Jahresbeitrag von nur 100 \u20ac seid Ihr dabei (gerne auch mehr)!<\/p>\n\n\n\n<p><strong>Was bedeutet \u201eClub der 100er\u201c?<\/strong><\/p>\n\n\n\n<p>Er ist abgeleitet von dem Betrag, den die F\u00f6rderer unserem Verein mindestens f\u00fcr ein Jahr zur Verf\u00fcgung stellen. Also einen Mindestbeitrag von 100\u20ac f\u00fcr eine Saison.<\/p>\n\n\n\n<p><strong>Wof\u00fcr werden die Mittel eingesetzt?<\/strong><\/p>\n\n\n\n<p>Verwendet werden die Zuwendungen f\u00fcr die Beschaffung von Ausr\u00fcstung, f\u00fcr den Trainings- und Spielbetrieb, sowie f\u00fcr die F\u00f6rderung des Gemeinschafts- und Zusammengeh\u00f6rigkeitsgef\u00fchls unseres Vereins.<\/p>\n\n\n\n<p><strong>Welche Vorteile habe ich als Mitglied<\/strong><\/p>\n\n\n\n<ul class=\"wp-block-list\">\n<li>Namentliche Erw\u00e4hnung auf dem exklusiven Handballfeld (Magnettafel) und unserer Homepage<\/li>\n<\/ul>\n\n\n\n<figure class=\"wp-block-image size-full is-style-default\"><img loading=\"lazy\" decoding=\"async\" width=\"263\" height=\"165\" src=\"https:\/\/tv-kirchzell.de\/wp-content\/uploads\/2024\/07\/ClubDer100erMagnettafel.png\" alt=\"\" class=\"wp-image-10940\"\/><\/figure>\n\n\n\n<ul class=\"wp-block-list\">\n<li>Spendenquittung<\/li>\n<\/ul>\n\n\n\n<p><strong>Wer kann Mitglied im \u201eClub der 100er\u201c werden?<\/strong><\/p>\n\n\n\n<p>Jeder, der die Vereinsarbeit des TV Kirchzells mit einem Mindesbeitrag in H\u00f6he von 100\u20ac pro Saison f\u00f6rdern m\u00f6chte.<\/p>\n\n\n\n<p><strong>Wie werde ich Mitglied im \u201eClub der 100er\u201c?<\/strong><\/p>\n\n\n\n<ul class=\"wp-block-list\">\n<li>F\u00fclle den \u201eClub der 100er\u201c Flyer aus, welcher bei jedem Spiel unserer 1. Mannschaft bereitliegt sowie in der Turnhalle Kirchzell<\/li>\n<\/ul>\n\n\n\n<p>Oder:<\/p>\n\n\n\n<ul class=\"wp-block-list\">\n<li>Lade das Antragsformular herunter, f\u00fclle es aus und reiche es bei uns ein.<\/li>\n<\/ul>\n\n\n\n<div class=\"wp-block-file\"><a id=\"wp-block-file--media-02470620-0871-4eea-b81c-e97476cfb846\" href=\"https:\/\/tv-kirchzell.de\/wp-content\/uploads\/2024\/06\/Mitgliedsantrag-Club-der-100-er.pdf\" target=\"_blank\" rel=\"noreferrer noopener\">Mitgliedsantrag Club der 100 er<\/a><a href=\"https:\/\/tv-kirchzell.de\/wp-content\/uploads\/2024\/06\/Mitgliedsantrag-Club-der-100-er.pdf\" class=\"wp-block-file__button wp-element-button\" download aria-describedby=\"wp-block-file--media-02470620-0871-4eea-b81c-e97476cfb846\">Herunterladen<\/a><\/div>\n\n\n\n<p><strong>Ansprechpartner f\u00fcr weitere Fragen<\/strong>:<\/p>\n\n\n\n<blockquote class=\"wp-block-quote is-layout-flow wp-block-quote-is-layout-flow\">\n<p>Martin Mielert<br><a href=\"mailto:clubder100er@tv-kirchzell.de?subject=Mail%20%C3%BCber%20die%20Internetseite%20des%20TVK\">clubder100er@tv-kirchzell.de<\/a><\/p>\n<\/blockquote>\n\n\n\n<hr class=\"wp-block-separator has-css-opacity\"\/>\n\n\n\n<p><em><strong>Ja, wir unterst\u00fctzen die erfolgreiche Arbeit in unserem Verein und sind deshalb Mitglied im &#8222;Club der 100&#8217;er&#8220;. Mit unserem j\u00e4hrlichen Beitrag f\u00f6rdern wir den leistungsorientierten Handball des TV Kirchzell:<\/strong><\/em><\/p>\n\n\n<figure class=\"wp-block-table\">\r\n                        <table>\r\n                            <tbody>\r\n                                <tr>\r\n                                    <td><strong>Name, Ort<\/strong><\/td>\r\n                                    <td><strong>Beitrittsdatum<\/strong><\/td>\r\n                                <\/tr>  <tr>\r\n                                    <td>Hans W\u00f6rner, Kirchzell<\/td>\r\n                                    <td>23.06.1995<\/td>\r\n                                <\/tr>  <tr>\r\n                                    <td>M. und M. Stegerwald, Schneeberg<\/td>\r\n                                    <td>30.06.1995<\/td>\r\n                                <\/tr>  <tr>\r\n                                    <td>Harry Schell, Weilbach<\/td>\r\n                                    <td>04.07.1995<\/td>\r\n                                <\/tr>  <tr>\r\n                                    <td>Markus Kirchg\u00e4ssner, Amorbach<\/td>\r\n                                    <td>05.07.1995<\/td>\r\n                                <\/tr>  <tr>\r\n                                    <td>Ludwig Scheurich, Kirchzell<\/td>\r\n                                    <td>28.07.1995<\/td>\r\n                                <\/tr>  <tr>\r\n                                    <td>Bernd Roos, Miltenberg<\/td>\r\n                                    <td>20.12.1995<\/td>\r\n                                <\/tr>  <tr>\r\n                                    <td>Ursula Kunz, Kirchzell<\/td>\r\n                                    <td>21.12.1995<\/td>\r\n                                <\/tr>  <tr>\r\n                                    <td>Heinz Klein, Kirchzell<\/td>\r\n                                    <td>22.02.1996<\/td>\r\n                                <\/tr>  <tr>\r\n                                    <td>Matthias Sch\u00e4fer, Weilbach<\/td>\r\n                                    <td>11.01.1997<\/td>\r\n                                <\/tr>  <tr>\r\n                                    <td>Marcel Schwab, Kirchzell<\/td>\r\n                                    <td>11.01.1997<\/td>\r\n                                <\/tr>  <tr>\r\n                                    <td>Joachim Kunz, KircKirchzell<\/td>\r\n                                    <td>21.02.1997<\/td>\r\n                                <\/tr>  <tr>\r\n                                    <td>Bernhard Zipp, Kirchzell<\/td>\r\n                                    <td>22.02.1997<\/td>\r\n                                <\/tr>  <tr>\r\n                                    <td>Heinz Edelmann, Kirchzell<\/td>\r\n                                    <td>07.04.1997<\/td>\r\n                                <\/tr>  <tr>\r\n                                    <td>Michael Klemm, Leipzig<\/td>\r\n                                    <td>23.02.1998<\/td>\r\n                                <\/tr>  <tr>\r\n                                    <td>Nils Rangoonwala, Hofheim<\/td>\r\n                                    <td>03.10.1998<\/td>\r\n                                <\/tr>  <tr>\r\n                                    <td>Michael Ruppert, Buchen<\/td>\r\n                                    <td>03.10.1998<\/td>\r\n                                <\/tr>  <tr>\r\n                                    <td>Thomas Jost, Kirchzell<\/td>\r\n                                    <td>03.10.1998<\/td>\r\n                                <\/tr>  <tr>\r\n                                    <td>Georg H\u00e4fner, Weilbach<\/td>\r\n                                    <td>01.06.1999<\/td>\r\n                                <\/tr>  <tr>\r\n                                    <td>Rudi Bachmann, Elsenfeld<\/td>\r\n                                    <td>16.10.1999<\/td>\r\n                                <\/tr>  <tr>\r\n                                    <td>Bernhard Ballmann, Elsenfeld<\/td>\r\n                                    <td>16.10.1999<\/td>\r\n                                <\/tr>  <tr>\r\n                                    <td>Toni Zengel, Elsenfeld<\/td>\r\n                                    <td>16.10.1999<\/td>\r\n                                <\/tr>  <tr>\r\n                                    <td>Gerald W\u00f6rner, Regensburg<\/td>\r\n                                    <td>15.01.2000<\/td>\r\n                                <\/tr>  <tr>\r\n                                    <td>Stefan Schwab, Amorbach<\/td>\r\n                                    <td>02.03.2000<\/td>\r\n                                <\/tr>  <tr>\r\n                                    <td>Dr. Andreas Markert, Amorbach<\/td>\r\n                                    <td>01.05.2000<\/td>\r\n                                <\/tr>  <tr>\r\n                                    <td>Georg Ballmann, Elsenfeld<\/td>\r\n                                    <td>20.05.2000<\/td>\r\n                                <\/tr>  <tr>\r\n                                    <td>Heiko Grimm, Melsungen<\/td>\r\n                                    <td>20.05.2000<\/td>\r\n                                <\/tr>  <tr>\r\n                                    <td>Heinz Fries, Miltenberg<\/td>\r\n                                    <td>25.05.2000<\/td>\r\n                                <\/tr>  <tr>\r\n                                    <td>Udo Ursprung, Miltenberg<\/td>\r\n                                    <td>28.05.2000<\/td>\r\n                                <\/tr>  <tr>\r\n                                    <td>Siegfried Emmerich, Bessenbach<\/td>\r\n                                    <td>18.11.2000<\/td>\r\n                                <\/tr>  <tr>\r\n                                    <td>Katharina Kunz, Kirchzell<\/td>\r\n                                    <td>17.12.2000<\/td>\r\n                                <\/tr>  <tr>\r\n                                    <td>Gebr\u00fcder Mechler OHG, Mudau<\/td>\r\n                                    <td>03.07.2001<\/td>\r\n                                <\/tr>  <tr>\r\n                                    <td>Ulrich Etzel, Kirchzell<\/td>\r\n                                    <td>04.10.2003<\/td>\r\n                                <\/tr>  <tr>\r\n                                    <td>Claus Seitz, Weilbach<\/td>\r\n                                    <td>28.10.2004<\/td>\r\n                                <\/tr>  <tr>\r\n                                    <td>Carsten Lichtlein, Gummersbach<\/td>\r\n                                    <td>30.04.2005<\/td>\r\n                                <\/tr>  <tr>\r\n                                    <td>Andreas Kunz, Kirchzell<\/td>\r\n                                    <td>10.12.2005<\/td>\r\n                                <\/tr>  <tr>\r\n                                    <td>Dr. Achim Luther, Miltenberg<\/td>\r\n                                    <td>14.01.2006<\/td>\r\n                                <\/tr>  <tr>\r\n                                    <td>Bernhard Kern, Weilbach<\/td>\r\n                                    <td>03.08.2006<\/td>\r\n                                <\/tr>  <tr>\r\n                                    <td>Leo L\u00f6ffler, Kleinwallstadt<\/td>\r\n                                    <td>10.11.2006<\/td>\r\n                                <\/tr>  <tr>\r\n                                    <td>Helmut Sch\u00f6tterl, Amorbach<\/td>\r\n                                    <td>26.10.2012<\/td>\r\n                                <\/tr>  <tr>\r\n                                    <td>Andreas Wolff, Kiel<\/td>\r\n                                    <td>01.07.2013<\/td>\r\n                                <\/tr>  <tr>\r\n                                    <td>Jens Marco Scherf, W\u00f6rth a. Main<\/td>\r\n                                    <td>08.10.2015<\/td>\r\n                                <\/tr>  <tr>\r\n                                    <td>Dr. med. J\u00f6rg und Sabine Petermann, Grosswallstadt<\/td>\r\n                                    <td>05.03.2016<\/td>\r\n                                <\/tr>  <tr>\r\n                                    <td>Benjamin und Christin Sch\u00e4fer, Breitendiel<\/td>\r\n                                    <td>25.10.2018<\/td>\r\n                                <\/tr>  <tr>\r\n                                    <td>Alexander Wolz, Amorbach<\/td>\r\n                                    <td>14.08.2019<\/td>\r\n                                <\/tr>  <tr>\r\n                                    <td>Engelbert Scherf, W\u00f6rth a. Main<\/td>\r\n                                    <td>19.09.2019<\/td>\r\n                                <\/tr>  <tr>\r\n                                    <td>Martin Mielert, Kirchzell<\/td>\r\n                                    <td>15.10.2020<\/td>\r\n                                <\/tr>  <tr>\r\n                                    <td>Ren\u00e9 & Maike Krug, Kirchzell<\/td>\r\n                                    <td>15.10.2020<\/td>\r\n                                <\/tr>  <tr>\r\n                                    <td>Torsten B\u00fcchler, Amorbach<\/td>\r\n                                    <td>07.05.2024<\/td>\r\n                                <\/tr>  <tr>\r\n                                    <td>Alexander Putz, Michelstadt \/ Vielbrunn<\/td>\r\n                                    <td>01.06.2024<\/td>\r\n                                <\/tr>  <tr>\r\n                                    <td>Christian Hetzel, Schneeberg<\/td>\r\n                                    <td>01.12.2025<\/td>\r\n                                <\/tr>  <tr>\r\n                                    <td>Ralf Helfrich, Obernburg<\/td>\r\n                                    <td>14.01.2026<\/td>\r\n                                <\/tr>      <\/tbody>\r\n                        <\/table>\r\n                    <\/figure>\n","protected":false},"excerpt":{"rendered":"<p>Mit dem \u201eClub der 100er\u201c habt Ihr die optimale M\u00f6glichkeit, dem TVK auch finanziell zu helfen. Bereits ab einem Jahresbeitrag von nur 100 \u20ac seid Ihr dabei (gerne auch mehr)! Was bedeutet \u201eClub der 100er\u201c? Er ist abgeleitet von dem Betrag, den die F\u00f6rderer unserem Verein mindestens f\u00fcr ein Jahr<\/p>\n","protected":false},"author":1,"featured_media":0,"parent":117,"menu_order":8,"comment_status":"closed","ping_status":"closed","template":"","meta":{"footnotes":""},"class_list":["post-980","page","type-page","status-publish","hentry"],"_links":{"self":[{"href":"https:\/\/tv-kirchzell.de\/index.php?rest_route=\/wp\/v2\/pages\/980","targetHints":{"allow":["GET"]}}],"collection":[{"href":"https:\/\/tv-kirchzell.de\/index.php?rest_route=\/wp\/v2\/pages"}],"about":[{"href":"https:\/\/tv-kirchzell.de\/index.php?rest_route=\/wp\/v2\/types\/page"}],"author":[{"embeddable":true,"href":"https:\/\/tv-kirchzell.de\/index.php?rest_route=\/wp\/v2\/users\/1"}],"replies":[{"embeddable":true,"href":"https:\/\/tv-kirchzell.de\/index.php?rest_route=%2Fwp%2Fv2%2Fcomments&post=980"}],"version-history":[{"count":7,"href":"https:\/\/tv-kirchzell.de\/index.php?rest_route=\/wp\/v2\/pages\/980\/revisions"}],"predecessor-version":[{"id":10942,"href":"https:\/\/tv-kirchzell.de\/index.php?rest_route=\/wp\/v2\/pages\/980\/revisions\/10942"}],"up":[{"embeddable":true,"href":"https:\/\/tv-kirchzell.de\/index.php?rest_route=\/wp\/v2\/pages\/117"}],"wp:attachment":[{"href":"https:\/\/tv-kirchzell.de\/index.php?rest_route=%2Fwp%2Fv2%2Fmedia&parent=980"}],"curies":[{"name":"wp","href":"https:\/\/api.w.org\/{rel}","templated":true}]}}