{"id":6128,"date":"2021-11-08T19:14:32","date_gmt":"2021-11-08T18:14:32","guid":{"rendered":"https:\/\/tv-kirchzell.de\/?page_id=6128"},"modified":"2025-07-21T07:03:59","modified_gmt":"2025-07-21T05:03:59","slug":"verein-ueberblick","status":"publish","type":"page","link":"https:\/\/tv-kirchzell.de\/?page_id=6128","title":{"rendered":"Verein &#8211; Vorstandschaft"},"content":{"rendered":"\n<h5 class=\"wp-block-heading\">Postanschrift<\/h5>\n\n\n\n<blockquote class=\"wp-block-quote is-layout-flow wp-block-quote-is-layout-flow\">\n<p>Turnverein Kirchzell 1908 e.V.<br> Hauptstra\u00dfe 23<br> 63931 Kirchzell<br> Email:&nbsp;<a href=\"mailto:info@tv-kirchzell.de?subject=Nachricht%20via%20Internetseite%20des%20TVK\">info@tv-kirchzell.de<\/a><\/p>\n<\/blockquote>\n\n\n\n<h5 class=\"wp-block-heading\">Vorstand Finanzen<\/h5>\n\n\n\n<blockquote class=\"wp-block-quote is-layout-flow wp-block-quote-is-layout-flow\">\n<p>Martin Mielert<\/p>\n<\/blockquote>\n\n\n\n<h5 class=\"wp-block-heading\"> Vorstand \u00d6ffentlichkeitsarbeit<\/h5>\n\n\n\n<blockquote class=\"wp-block-quote is-layout-flow wp-block-quote-is-layout-flow\">\n<p>Ren\u00e9 Krug<\/p>\n<\/blockquote>\n\n\n\n<h5 class=\"wp-block-heading\"> Vorstand Liegenschaften<\/h5>\n\n\n\n<blockquote class=\"wp-block-quote is-layout-flow wp-block-quote-is-layout-flow\">\n<p>Dieter Kunz<\/p>\n<\/blockquote>\n\n\n\n<h5 class=\"wp-block-heading\"> Vorstand Sport<\/h5>\n\n\n\n<blockquote class=\"wp-block-quote is-layout-flow wp-block-quote-is-layout-flow\">\n<p>Sabrina Brenneis<\/p>\n<\/blockquote>\n\n\n\n<h5 class=\"wp-block-heading\">Abteilungsleiter Handball<\/h5>\n\n\n\n<blockquote class=\"wp-block-quote is-layout-flow wp-block-quote-is-layout-flow\">\n<p>Wolfgang W\u00f6rner<br><br>Tel.: 0 93 73 \/ 90 26 44<\/p>\n<\/blockquote>\n\n\n\n<h5 class=\"wp-block-heading\">Jugendleiter Handball<\/h5>\n\n\n\n<blockquote class=\"wp-block-quote is-layout-flow wp-block-quote-is-layout-flow\">\n<p>Gottfried Kunz<br><br>Tel.: 0 93 73 \/ 22 79<\/p>\n<\/blockquote>\n\n\n\n<h5 class=\"wp-block-heading\">Schiedsrichter-Vertrauensmann<\/h5>\n\n\n\n<blockquote class=\"wp-block-quote is-layout-flow wp-block-quote-is-layout-flow\">\n<p>Stefan Friedel<\/p>\n<\/blockquote>\n\n\n\n<h5 class=\"wp-block-heading\">Abteilungsleiterin Turnen<\/h5>\n\n\n\n<blockquote class=\"wp-block-quote is-layout-flow wp-block-quote-is-layout-flow\">\n<p>Simone Sch\u00e4fer<br><br>Tel. 0 93 73 \/ 90 26 91<\/p>\n<\/blockquote>\n","protected":false},"excerpt":{"rendered":"<p>Postanschrift Turnverein Kirchzell 1908 e.V. Hauptstra\u00dfe 23 63931 Kirchzell Email:&nbsp;info@tv-kirchzell.de Vorstand Finanzen Martin Mielert Vorstand \u00d6ffentlichkeitsarbeit Ren\u00e9 Krug Vorstand Liegenschaften Dieter Kunz Vorstand Sport Sabrina Brenneis Abteilungsleiter Handball Wolfgang W\u00f6rner Tel.: 0 93 73 \/ 90 26 44 Jugendleiter Handball Gottfried Kunz Tel.: 0 93 73 \/ 22 79 Schiedsrichter-Vertrauensmann<\/p>\n","protected":false},"author":1,"featured_media":0,"parent":117,"menu_order":2,"comment_status":"closed","ping_status":"closed","template":"","meta":{"footnotes":""},"class_list":["post-6128","page","type-page","status-publish","hentry"],"_links":{"self":[{"href":"https:\/\/tv-kirchzell.de\/index.php?rest_route=\/wp\/v2\/pages\/6128","targetHints":{"allow":["GET"]}}],"collection":[{"href":"https:\/\/tv-kirchzell.de\/index.php?rest_route=\/wp\/v2\/pages"}],"about":[{"href":"https:\/\/tv-kirchzell.de\/index.php?rest_route=\/wp\/v2\/types\/page"}],"author":[{"embeddable":true,"href":"https:\/\/tv-kirchzell.de\/index.php?rest_route=\/wp\/v2\/users\/1"}],"replies":[{"embeddable":true,"href":"https:\/\/tv-kirchzell.de\/index.php?rest_route=%2Fwp%2Fv2%2Fcomments&post=6128"}],"version-history":[{"count":5,"href":"https:\/\/tv-kirchzell.de\/index.php?rest_route=\/wp\/v2\/pages\/6128\/revisions"}],"predecessor-version":[{"id":12504,"href":"https:\/\/tv-kirchzell.de\/index.php?rest_route=\/wp\/v2\/pages\/6128\/revisions\/12504"}],"up":[{"embeddable":true,"href":"https:\/\/tv-kirchzell.de\/index.php?rest_route=\/wp\/v2\/pages\/117"}],"wp:attachment":[{"href":"https:\/\/tv-kirchzell.de\/index.php?rest_route=%2Fwp%2Fv2%2Fmedia&parent=6128"}],"curies":[{"name":"wp","href":"https:\/\/api.w.org\/{rel}","templated":true}]}}