{"id":4339,"date":"2020-07-15T19:17:07","date_gmt":"2020-07-15T17:17:07","guid":{"rendered":"https:\/\/tv-kirchzell.de\/?page_id=4339"},"modified":"2020-09-27T18:49:00","modified_gmt":"2020-09-27T16:49:00","slug":"versandarten","status":"publish","type":"page","link":"https:\/\/tv-kirchzell.de\/?page_id=4339","title":{"rendered":"Versandarten"},"content":{"rendered":"\n<ul class=\"wp-block-list\"><li>Fanartikel werden mit\u00a0<strong>DHL<\/strong>\u00a0versandt.<\/li><li>Einzeltickets werden per Email versendet.<\/li><li>Fanartikel k\u00f6nnen direkt vor Ort abgeholt werden (Ohne Lieferkosten)<\/li><\/ul>\n\n\n\n<h3 class=\"wp-block-heading\"><strong>Lieferzeit<\/strong><\/h3>\n\n\n\n<p>Soweit die Artikel vollst\u00e4ndig verf\u00fcgbar sind erfolgt die Lieferung per DHL in:<\/p>\n\n\n\n<ul class=\"wp-block-list\"><li>Deutschland: 3-5 Werktagen<\/li><\/ul>\n\n\n\n<p>Die Lieferung personalisierter Artikel (z.B. Trikots mit Beflockung) erfolgt per DHL in:<\/p>\n\n\n\n<ul class=\"wp-block-list\"><li>Deutschland: 8-10 Werktagen<\/li><\/ul>\n\n\n\n<p>In Hochphasen (z.B. Weihnachten) k\u00f6nnen die Lieferzeiten auch eventuell von den Standardlieferzeiten abweichen.<\/p>\n\n\n\n<p>Bei virtuellen G\u00fctern (Eintrittskarten) steht Ihnen das Ticket sofort nach der Bezahlung zur Verf\u00fcgung. Es wird Ihnen per Email zugeschickt.<\/p>\n","protected":false},"excerpt":{"rendered":"<p>Fanartikel werden mit\u00a0DHL\u00a0versandt. Einzeltickets werden per Email versendet. Fanartikel k\u00f6nnen direkt vor Ort abgeholt werden (Ohne Lieferkosten) Lieferzeit Soweit die Artikel vollst\u00e4ndig verf\u00fcgbar sind erfolgt die Lieferung per DHL in: Deutschland: 3-5 Werktagen Die Lieferung personalisierter Artikel (z.B. Trikots mit Beflockung) erfolgt per DHL in: Deutschland: 8-10 Werktagen In Hochphasen<\/p>\n","protected":false},"author":1,"featured_media":0,"parent":4325,"menu_order":4,"comment_status":"closed","ping_status":"closed","template":"","meta":{"footnotes":""},"class_list":["post-4339","page","type-page","status-publish","hentry"],"_links":{"self":[{"href":"https:\/\/tv-kirchzell.de\/index.php?rest_route=\/wp\/v2\/pages\/4339","targetHints":{"allow":["GET"]}}],"collection":[{"href":"https:\/\/tv-kirchzell.de\/index.php?rest_route=\/wp\/v2\/pages"}],"about":[{"href":"https:\/\/tv-kirchzell.de\/index.php?rest_route=\/wp\/v2\/types\/page"}],"author":[{"embeddable":true,"href":"https:\/\/tv-kirchzell.de\/index.php?rest_route=\/wp\/v2\/users\/1"}],"replies":[{"embeddable":true,"href":"https:\/\/tv-kirchzell.de\/index.php?rest_route=%2Fwp%2Fv2%2Fcomments&post=4339"}],"version-history":[{"count":0,"href":"https:\/\/tv-kirchzell.de\/index.php?rest_route=\/wp\/v2\/pages\/4339\/revisions"}],"up":[{"embeddable":true,"href":"https:\/\/tv-kirchzell.de\/index.php?rest_route=\/wp\/v2\/pages\/4325"}],"wp:attachment":[{"href":"https:\/\/tv-kirchzell.de\/index.php?rest_route=%2Fwp%2Fv2%2Fmedia&parent=4339"}],"curies":[{"name":"wp","href":"https:\/\/api.w.org\/{rel}","templated":true}]}}