{"id":10764,"date":"2024-05-25T11:31:17","date_gmt":"2024-05-25T09:31:17","guid":{"rendered":"https:\/\/tv-kirchzell.de\/?page_id=10764"},"modified":"2025-05-28T15:55:11","modified_gmt":"2025-05-28T13:55:11","slug":"verein-eintrittspreise-3","status":"publish","type":"page","link":"https:\/\/tv-kirchzell.de\/?page_id=10764","title":{"rendered":"Verein &#8211; Eintrittspreise Damen 1 &amp; 2"},"content":{"rendered":"\n<h3 class=\"wp-block-heading\">Eintrittspreise 2025 \/ 2026 &#8211; Damen 1<\/h3>\n\n\n\n<figure class=\"wp-block-table is-style-regular\"><table class=\"has-fixed-layout\"><tbody><tr><td><strong>Eintrittskarten<\/strong><\/td><td><strong>Preise<\/strong><\/td><\/tr><tr><td>  Erwachsene ab 18 Jahren<\/td><td>6,00 \u20ac<\/td><\/tr><tr><td>Erm\u00e4\u00dfigt (Rentner, Sch\u00fcler)<\/td><td>4,50 \u20ac<\/td><\/tr><tr><td>  Kinder unter 14 Jahren<\/td><td>  Frei<\/td><\/tr><\/tbody><\/table><\/figure>\n\n\n\n<h3 class=\"wp-block-heading\">Eintrittspreise 2025 \/ 2026 &#8211; Damen 2<\/h3>\n\n\n\n<figure class=\"wp-block-table\"><table class=\"has-fixed-layout\"><tbody><tr><td><strong>Eintrittskarten<\/strong><\/td><td><strong>Preise<\/strong><\/td><\/tr><tr><td>Erwachsene ab 18 Jahren<\/td><td>3,50 \u20ac<\/td><\/tr><tr><td>Erm\u00e4\u00dfigt (Rentner, Sch\u00fcler)<\/td><td>2,50 \u20ac<\/td><\/tr><tr><td>Kinder unter 14 Jahren<\/td><td>Frei<\/td><\/tr><\/tbody><\/table><\/figure>\n\n\n\n<h3 class=\"wp-block-heading\">Eintrittspreise 2025 \/ 2026 &#8211; Damen 1 &amp; 2<\/h3>\n\n\n\n<figure class=\"wp-block-table\"><table class=\"has-fixed-layout\"><tbody><tr><td><strong>Tageskarten<\/strong><\/td><td><strong>Preise<\/strong><\/td><\/tr><tr><td>Erwachsene ab 18 Jahren<\/td><td>7,00 \u20ac<\/td><\/tr><tr><td>Erm\u00e4\u00dfigt (Rentner, Sch\u00fcler)<\/td><td>5,50 \u20ac<\/td><\/tr><tr><td>Kinder unter 14 Jahren<\/td><td>Frei<\/td><\/tr><\/tbody><\/table><\/figure>\n\n\n\n<figure class=\"wp-block-table\"><table class=\"has-fixed-layout\"><tbody><tr><td><strong>Dauerkarten<\/strong><\/td><td><strong>Preis<\/strong><\/td><\/tr><tr><td>Erwachsene ab 18 Jahren<\/td><td>50,00 \u20ac<\/td><\/tr><tr><td>Erm\u00e4\u00dfigt (Rentner, Sch\u00fcler)<\/td><td>40,00 \u20ac<\/td><\/tr><\/tbody><\/table><\/figure>\n","protected":false},"excerpt":{"rendered":"<p>Eintrittspreise 2025 \/ 2026 &#8211; Damen 1 Eintrittskarten Preise Erwachsene ab 18 Jahren 6,00 \u20ac Erm\u00e4\u00dfigt (Rentner, Sch\u00fcler) 4,50 \u20ac Kinder unter 14 Jahren Frei Eintrittspreise 2025 \/ 2026 &#8211; Damen 2 Eintrittskarten Preise Erwachsene ab 18 Jahren 3,50 \u20ac Erm\u00e4\u00dfigt (Rentner, Sch\u00fcler) 2,50 \u20ac Kinder unter 14 Jahren Frei<\/p>\n","protected":false},"author":1,"featured_media":0,"parent":117,"menu_order":4,"comment_status":"closed","ping_status":"closed","template":"","meta":{"footnotes":""},"class_list":["post-10764","page","type-page","status-publish","hentry"],"_links":{"self":[{"href":"https:\/\/tv-kirchzell.de\/index.php?rest_route=\/wp\/v2\/pages\/10764","targetHints":{"allow":["GET"]}}],"collection":[{"href":"https:\/\/tv-kirchzell.de\/index.php?rest_route=\/wp\/v2\/pages"}],"about":[{"href":"https:\/\/tv-kirchzell.de\/index.php?rest_route=\/wp\/v2\/types\/page"}],"author":[{"embeddable":true,"href":"https:\/\/tv-kirchzell.de\/index.php?rest_route=\/wp\/v2\/users\/1"}],"replies":[{"embeddable":true,"href":"https:\/\/tv-kirchzell.de\/index.php?rest_route=%2Fwp%2Fv2%2Fcomments&post=10764"}],"version-history":[{"count":3,"href":"https:\/\/tv-kirchzell.de\/index.php?rest_route=\/wp\/v2\/pages\/10764\/revisions"}],"predecessor-version":[{"id":12378,"href":"https:\/\/tv-kirchzell.de\/index.php?rest_route=\/wp\/v2\/pages\/10764\/revisions\/12378"}],"up":[{"embeddable":true,"href":"https:\/\/tv-kirchzell.de\/index.php?rest_route=\/wp\/v2\/pages\/117"}],"wp:attachment":[{"href":"https:\/\/tv-kirchzell.de\/index.php?rest_route=%2Fwp%2Fv2%2Fmedia&parent=10764"}],"curies":[{"name":"wp","href":"https:\/\/api.w.org\/{rel}","templated":true}]}}